{"id":4112,"date":"2018-05-09T06:24:58","date_gmt":"2018-05-09T06:24:58","guid":{"rendered":"https:\/\/www.losesculloscabodegata.com\/club-cliente\/"},"modified":"2025-05-06T10:15:32","modified_gmt":"2025-05-06T10:15:32","slug":"club-des-clients","status":"publish","type":"page","link":"https:\/\/www.losesculloscabodegata.com\/fr\/club-des-clients\/","title":{"rendered":"Club des Clients"},"content":{"rendered":"<div class=\"wpb-content-wrapper\"><p>[vc_row][vc_column][vc_wp_text]Los Escullos Camping et Resort offre la carte du club \u00e0 sa client\u00e8le! Avec notre carte vous pouvez b\u00e9n\u00e9ficier d\u2019une r\u00e9duction permanente de 10% et autres remises et offres sp\u00e9ciales :[\/vc_wp_text][\/vc_column][\/vc_row][vc_row][vc_column width=\u00a0\u00bb1\/2&Prime;]\n<div class=\"wpcf7 no-js\" id=\"wpcf7-f4130-o1\" lang=\"es-ES\" dir=\"ltr\" data-wpcf7-id=\"4130\">\n<div class=\"screen-reader-response\"><p role=\"status\" aria-live=\"polite\" aria-atomic=\"true\"><\/p> <ul><\/ul><\/div>\n<form action=\"\/fr\/wp-json\/wp\/v2\/pages\/4112#wpcf7-f4130-o1\" method=\"post\" class=\"wpcf7-form init\" aria-label=\"Formulario de contacto\" novalidate=\"novalidate\" data-status=\"init\">\n<fieldset class=\"hidden-fields-container\"><input type=\"hidden\" name=\"_wpcf7\" value=\"4130\" \/><input type=\"hidden\" name=\"_wpcf7_version\" value=\"6.1\" \/><input type=\"hidden\" name=\"_wpcf7_locale\" value=\"es_ES\" \/><input type=\"hidden\" name=\"_wpcf7_unit_tag\" value=\"wpcf7-f4130-o1\" \/><input type=\"hidden\" name=\"_wpcf7_container_post\" value=\"0\" \/><input type=\"hidden\" name=\"_wpcf7_posted_data_hash\" value=\"\" \/><input type=\"hidden\" name=\"_wpcf7_recaptcha_response\" value=\"\" \/>\n<\/fieldset>\n<p><label> Nom *<br \/>\n<span class=\"wpcf7-form-control-wrap\" data-name=\"nombre\"><input size=\"40\" maxlength=\"400\" class=\"wpcf7-form-control wpcf7-text wpcf7-validates-as-required\" aria-required=\"true\" aria-invalid=\"false\" value=\"\" type=\"text\" name=\"nombre\" \/><\/span> <\/label>\n<\/p>\n<p><label> Pr\u00e9nom *<br \/>\n<span class=\"wpcf7-form-control-wrap\" data-name=\"apellidos\"><input size=\"40\" maxlength=\"400\" class=\"wpcf7-form-control wpcf7-text wpcf7-validates-as-required\" aria-required=\"true\" aria-invalid=\"false\" value=\"\" type=\"text\" name=\"apellidos\" \/><\/span> <\/label>\n<\/p>\n<p><label> E-mail *<br \/>\n<span class=\"wpcf7-form-control-wrap\" data-name=\"email\"><input size=\"40\" maxlength=\"400\" class=\"wpcf7-form-control wpcf7-email wpcf7-validates-as-required wpcf7-text wpcf7-validates-as-email\" aria-required=\"true\" aria-invalid=\"false\" value=\"\" type=\"email\" name=\"email\" \/><\/span> <\/label>\n<\/p>\n<p><label> Population\/Ville<br \/>\n<span class=\"wpcf7-form-control-wrap\" data-name=\"poblacion\"><input size=\"40\" maxlength=\"400\" class=\"wpcf7-form-control wpcf7-text\" aria-invalid=\"false\" value=\"\" type=\"text\" name=\"poblacion\" \/><\/span> <\/label>\n<\/p>\n<p><span class=\"wpcf7-form-control-wrap\" data-name=\"acepto\"><span class=\"wpcf7-form-control wpcf7-acceptance\"><span class=\"wpcf7-list-item\"><label><input type=\"checkbox\" name=\"acepto\" value=\"1\" aria-invalid=\"false\" \/><span class=\"wpcf7-list-item-label\">J\u2019ai lu et j\u2019accepte la politique de confidentialit\u00e9.*<\/span><\/label><\/span><\/span><\/span>\n<\/p>\n<p><span class=\"wpcf7-form-control-wrap\" data-name=\"acepto-comunicaciones\"><span class=\"wpcf7-form-control wpcf7-checkbox\"><span class=\"wpcf7-list-item first last\"><label><input type=\"checkbox\" name=\"acepto-comunicaciones[]\" value=\"J\u2019accepte l&#039;envoi de communications client Club.*\" \/><span class=\"wpcf7-list-item-label\">J\u2019accepte l&#039;envoi de communications client Club.*<\/span><\/label><\/span><\/span><\/span>\n<\/p>\n<p><input class=\"wpcf7-form-control wpcf7-submit has-spinner\" type=\"submit\" value=\"Envoyer\" \/>\n<\/p><div class=\"wpcf7-response-output\" aria-hidden=\"true\"><\/div>\n<\/form>\n<\/div>\n[\/vc_column][vc_column width=\u00a0\u00bb1\/2&Prime; css=\u00a0\u00bb.vc_custom_1528355168765{margin-left: 20px !important;}\u00a0\u00bb][vc_wp_text]<strong>AVANTAGES :<\/strong><\/p>\n<ul>\n<li>Remise de 10 % sur les h\u00e9bergements (voir conditions pour les emplacements).<\/li>\n<li>Promotions Exclusives.<\/li>\n<li>Remise de 5 % dans notre restaurant et supermarch\u00e9.<\/li>\n<\/ul>\n<p>Les avantages et les remises de la carte Club Client ne sont pas cumulables avec d&rsquo;autres offres et promotions.<\/p>\n<p>&nbsp;<\/p>\n<p><strong>SUIVEZ LE \u00ab\u00a0CLUB CLIENT\u00a0\u00bb SUR FACEBOOK !<\/strong><\/p>\n<p>Si vous \u00eates client, rejoignez notre <a href=\"https:\/\/www.facebook.com\/groups\/clubclientecampinglosescullos\/\" target=\"_blank\" rel=\"noopener\"><strong>Groupe Facebook \u00ab\u00a0Club Client\u00a0\u00bb<\/strong><\/a>, pour recevoir les notifications de toutes les nouveaut\u00e9s que nous avons r\u00e9serv\u00e9es exclusivement pour vous.[\/vc_wp_text][\/vc_column][\/vc_row][vc_row][vc_column][vc_empty_space height=\u00a0\u00bb30px\u00a0\u00bb][vc_wp_text]Conform\u00e9ment \u00e0 la r\u00e9glementation en vigueur en mati\u00e8re de protection des donn\u00e9es, nous vous informons que vos donn\u00e9es personnelles et votre adresse e-mail seront int\u00e9gr\u00e9es dans le syst\u00e8me de traitement appartenant \u00e0 CAMPESTUR S.L., afin de r\u00e9pondre \u00e0 vos demandes et de vous envoyer des informations relatives \u00e0 nos activit\u00e9s, produits et services qui peuvent vous int\u00e9resser. En envoyant le formulaire de collecte de donn\u00e9es, vous acceptez la politique de confidentialit\u00e9 de CAMPESTUR S.L.<br \/>\nEn conformit\u00e9 avec la r\u00e9glementation en vigueur, nous vous informons que les donn\u00e9es recueillies dans ce formulaire seront conserv\u00e9es pendant la p\u00e9riode strictement n\u00e9cessaire pour r\u00e9pondre aux pr\u00e9ceptes mentionn\u00e9s pr\u00e9c\u00e9demment.<br \/>\nSauf indication contraire de votre part, nous comprenons que vos donn\u00e9es n&rsquo;ont pas \u00e9t\u00e9 modifi\u00e9es, que vous vous engagez \u00e0 nous notifier toute variation et que nous avons votre consentement pour les utiliser aux fins mentionn\u00e9es.<br \/>\nCAMPESTUR S.L. informe qu&rsquo;elle traitera les donn\u00e9es de mani\u00e8re licite, loyale, transparente, ad\u00e9quate, pertinente, limit\u00e9e, exacte et \u00e0 jour. Par cons\u00e9quent, nous nous engageons \u00e0 prendre toutes les mesures n\u00e9cessaires pour respecter la r\u00e9glementation actuelle en mati\u00e8re de protection des donn\u00e9es.<br \/>\nSi vous le souhaitez, vous pouvez exercer les droits d&rsquo;acc\u00e8s, de rectification, d&rsquo;opposition, de suppression, de limitation, de portabilit\u00e9 et de r\u00e9vocation des consentements et autorisations accord\u00e9s en contactant notre centre par e-mail \u00e0 l&rsquo;adresse info@losescullossanjose.com et en indiquant textuellement dans l&rsquo;objet : \u201cExercice du droit demand\u00e9 suivi de votre nom complet\u201d.<\/p>\n<p>Pour continuer, vous devez accepter que vous avez lu et \u00eates d&rsquo;accord avec la clause pr\u00e9c\u00e9dente.[\/vc_wp_text][\/vc_column][\/vc_row]<\/p>\n<\/div>","protected":false},"excerpt":{"rendered":"<p>[vc_row][vc_column][vc_wp_text]Los Escullos Camping et Resort offre la carte du club \u00e0 sa client\u00e8le! Avec notre carte vous pouvez b\u00e9n\u00e9ficier d\u2019une r\u00e9duction permanente de 10% et autres remises et offres sp\u00e9ciales :[\/vc_wp_text][\/vc_column][\/vc_row][vc_row][vc_column width=\u00a0\u00bb1\/2&Prime;][\/vc_column][vc_column width=\u00a0\u00bb1\/2&Prime; css=\u00a0\u00bb.vc_custom_1528355168765{margin-left: 20px !important;}\u00a0\u00bb][vc_wp_text]AVANTAGES : Remise de 10 % sur les h\u00e9bergements (voir conditions pour les emplacements). Promotions Exclusives. Remise de 5 % [&hellip;]<\/p>\n","protected":false},"author":2,"featured_media":0,"parent":0,"menu_order":0,"comment_status":"closed","ping_status":"closed","template":"","meta":{"_acf_changed":false,"footnotes":""},"class_list":["post-4112","page","type-page","status-publish","hentry"],"acf":[],"publishpress_future_action":{"enabled":false,"date":"2026-04-25 09:25:22","action":"change-status","newStatus":"draft","terms":[],"taxonomy":"translation_priority"},"publishpress_future_workflow_manual_trigger":{"enabledWorkflows":[]},"_links":{"self":[{"href":"https:\/\/www.losesculloscabodegata.com\/fr\/wp-json\/wp\/v2\/pages\/4112","targetHints":{"allow":["GET"]}}],"collection":[{"href":"https:\/\/www.losesculloscabodegata.com\/fr\/wp-json\/wp\/v2\/pages"}],"about":[{"href":"https:\/\/www.losesculloscabodegata.com\/fr\/wp-json\/wp\/v2\/types\/page"}],"author":[{"embeddable":true,"href":"https:\/\/www.losesculloscabodegata.com\/fr\/wp-json\/wp\/v2\/users\/2"}],"replies":[{"embeddable":true,"href":"https:\/\/www.losesculloscabodegata.com\/fr\/wp-json\/wp\/v2\/comments?post=4112"}],"version-history":[{"count":9,"href":"https:\/\/www.losesculloscabodegata.com\/fr\/wp-json\/wp\/v2\/pages\/4112\/revisions"}],"predecessor-version":[{"id":21333,"href":"https:\/\/www.losesculloscabodegata.com\/fr\/wp-json\/wp\/v2\/pages\/4112\/revisions\/21333"}],"wp:attachment":[{"href":"https:\/\/www.losesculloscabodegata.com\/fr\/wp-json\/wp\/v2\/media?parent=4112"}],"curies":[{"name":"wp","href":"https:\/\/api.w.org\/{rel}","templated":true}]}}