{"id":6825,"date":"2019-05-22T06:45:32","date_gmt":"2019-05-22T06:45:32","guid":{"rendered":"https:\/\/www.losesculloscabodegata.com\/?page_id=6825"},"modified":"2019-05-22T06:45:33","modified_gmt":"2019-05-22T06:45:33","slug":"enquete","status":"publish","type":"page","link":"https:\/\/www.losesculloscabodegata.com\/fr\/enquete\/","title":{"rendered":"Enquete"},"content":{"rendered":"<div class=\"wpb-content-wrapper\"><p>[vc_row][vc_column]\n<div class=\"wpcf7 no-js\" id=\"wpcf7-f6823-o1\" lang=\"es-ES\" dir=\"ltr\" data-wpcf7-id=\"6823\">\n<div class=\"screen-reader-response\"><p role=\"status\" aria-live=\"polite\" aria-atomic=\"true\"><\/p> <ul><\/ul><\/div>\n<form action=\"\/fr\/wp-json\/wp\/v2\/pages\/6825#wpcf7-f6823-o1\" method=\"post\" class=\"wpcf7-form init\" aria-label=\"Formulario de contacto\" novalidate=\"novalidate\" data-status=\"init\">\n<fieldset class=\"hidden-fields-container\"><input type=\"hidden\" name=\"_wpcf7\" value=\"6823\" \/><input type=\"hidden\" name=\"_wpcf7_version\" value=\"6.1\" \/><input type=\"hidden\" name=\"_wpcf7_locale\" value=\"es_ES\" \/><input type=\"hidden\" name=\"_wpcf7_unit_tag\" value=\"wpcf7-f6823-o1\" \/><input type=\"hidden\" name=\"_wpcf7_container_post\" value=\"0\" \/><input type=\"hidden\" name=\"_wpcf7_posted_data_hash\" value=\"\" \/><input type=\"hidden\" name=\"_wpcf7_recaptcha_response\" value=\"\" \/>\n<\/fieldset>\n<p>S\u2019il vous pla\u00eet, si vous avez quelque minutes, r\u00e9pondez notre enqu\u00eate pour vous offrir le meilleur service.<br \/>\nMerci beaucoup pour votre temp !<br \/>\nLa ponctuation est entre 1 ( pas du tout satisfait ) et 5 ( tr\u00e8s satisfait ).\n<\/p>\n<p style=\"margin-bottom: 30px;\"><label> S\u2019il vous pla\u00eet, donnez - nous votre adresse de e-mail.*<br \/>\n<span class=\"wpcf7-form-control-wrap\" data-name=\"email\"><input size=\"40\" maxlength=\"400\" class=\"wpcf7-form-control wpcf7-email wpcf7-validates-as-required wpcf7-text wpcf7-validates-as-email\" aria-required=\"true\" aria-invalid=\"false\" placeholder=\"Email\" value=\"\" type=\"email\" name=\"email\" \/><\/span> <\/label>\n<\/p>\n<div class=\"wpb_column vc_column_container vc_col-sm-6\">\n\t<p><strong>R\u00c9CEPTION<\/strong>\n\t<\/p>\n\t<p>Comment avons-nous vous attendu?<br \/>\n<span class=\"wpcf7-form-control-wrap\" data-name=\"como-le-hemos-atendido\"><span class=\"wpcf7-form-control wpcf7-radio\"><span class=\"wpcf7-list-item first\"><span class=\"wpcf7-list-item-label\">1<\/span><input type=\"radio\" name=\"como-le-hemos-atendido\" value=\"1\" checked=\"checked\" \/><\/span><span class=\"wpcf7-list-item\"><span class=\"wpcf7-list-item-label\">2<\/span><input type=\"radio\" name=\"como-le-hemos-atendido\" value=\"2\" \/><\/span><span class=\"wpcf7-list-item\"><span class=\"wpcf7-list-item-label\">3<\/span><input type=\"radio\" name=\"como-le-hemos-atendido\" value=\"3\" \/><\/span><span class=\"wpcf7-list-item\"><span class=\"wpcf7-list-item-label\">4<\/span><input type=\"radio\" name=\"como-le-hemos-atendido\" value=\"4\" \/><\/span><span class=\"wpcf7-list-item last\"><span class=\"wpcf7-list-item-label\">5<\/span><input type=\"radio\" name=\"como-le-hemos-atendido\" value=\"5\" \/><\/span><\/span><\/span>\n\t<\/p>\n\t<div class=\"nd_options_section nd_options_height_20\">\n\t<\/div>\n\t<p>Avons \u2013 nous \u00e9t\u00e9 efficaces \u00e0 l\u2019heure de vous informer?<br \/>\n<span class=\"wpcf7-form-control-wrap\" data-name=\"eficientes-info\"><span class=\"wpcf7-form-control wpcf7-radio\"><span class=\"wpcf7-list-item first\"><span class=\"wpcf7-list-item-label\">1<\/span><input type=\"radio\" name=\"eficientes-info\" value=\"1\" checked=\"checked\" \/><\/span><span class=\"wpcf7-list-item\"><span class=\"wpcf7-list-item-label\">2<\/span><input type=\"radio\" name=\"eficientes-info\" value=\"2\" \/><\/span><span class=\"wpcf7-list-item\"><span class=\"wpcf7-list-item-label\">3<\/span><input type=\"radio\" name=\"eficientes-info\" value=\"3\" \/><\/span><span class=\"wpcf7-list-item\"><span class=\"wpcf7-list-item-label\">4<\/span><input type=\"radio\" name=\"eficientes-info\" value=\"4\" \/><\/span><span class=\"wpcf7-list-item last\"><span class=\"wpcf7-list-item-label\">5<\/span><input type=\"radio\" name=\"eficientes-info\" value=\"5\" \/><\/span><\/span><\/span>\n\t<\/p>\n\t<div class=\"nd_options_section nd_options_height_20\">\n\t<\/div>\n\t<p><strong>BUNGALOWS \/ BENGALIS \/ EMPLACEMENT<\/strong>\n\t<\/p>\n\t<p>Nettoyage<br \/>\n<span class=\"wpcf7-form-control-wrap\" data-name=\"alojamiento-limpieza\"><span class=\"wpcf7-form-control wpcf7-radio\"><span class=\"wpcf7-list-item first\"><span class=\"wpcf7-list-item-label\">1<\/span><input type=\"radio\" name=\"alojamiento-limpieza\" value=\"1\" checked=\"checked\" \/><\/span><span class=\"wpcf7-list-item\"><span class=\"wpcf7-list-item-label\">2<\/span><input type=\"radio\" name=\"alojamiento-limpieza\" value=\"2\" \/><\/span><span class=\"wpcf7-list-item\"><span class=\"wpcf7-list-item-label\">3<\/span><input type=\"radio\" name=\"alojamiento-limpieza\" value=\"3\" \/><\/span><span class=\"wpcf7-list-item\"><span class=\"wpcf7-list-item-label\">4<\/span><input type=\"radio\" name=\"alojamiento-limpieza\" value=\"4\" \/><\/span><span class=\"wpcf7-list-item last\"><span class=\"wpcf7-list-item-label\">5<\/span><input type=\"radio\" name=\"alojamiento-limpieza\" value=\"5\" \/><\/span><\/span><\/span>\n\t<\/p>\n\t<div class=\"nd_options_section nd_options_height_20\">\n\t<\/div>\n\t<p>Image<br \/>\n<span class=\"wpcf7-form-control-wrap\" data-name=\"alojamiento-imagen\"><span class=\"wpcf7-form-control wpcf7-radio\"><span class=\"wpcf7-list-item first\"><span class=\"wpcf7-list-item-label\">1<\/span><input type=\"radio\" name=\"alojamiento-imagen\" value=\"1\" checked=\"checked\" \/><\/span><span class=\"wpcf7-list-item\"><span class=\"wpcf7-list-item-label\">2<\/span><input type=\"radio\" name=\"alojamiento-imagen\" value=\"2\" \/><\/span><span class=\"wpcf7-list-item\"><span class=\"wpcf7-list-item-label\">3<\/span><input type=\"radio\" name=\"alojamiento-imagen\" value=\"3\" \/><\/span><span class=\"wpcf7-list-item\"><span class=\"wpcf7-list-item-label\">4<\/span><input type=\"radio\" name=\"alojamiento-imagen\" value=\"4\" \/><\/span><span class=\"wpcf7-list-item last\"><span class=\"wpcf7-list-item-label\">5<\/span><input type=\"radio\" name=\"alojamiento-imagen\" value=\"5\" \/><\/span><\/span><\/span>\n\t<\/p>\n\t<div class=\"nd_options_section nd_options_height_20\">\n\t<\/div>\n\t<p>Installations<br \/>\n<span class=\"wpcf7-form-control-wrap\" data-name=\"alojamiento-instalaciones\"><span class=\"wpcf7-form-control wpcf7-radio\"><span class=\"wpcf7-list-item first\"><span class=\"wpcf7-list-item-label\">1<\/span><input type=\"radio\" name=\"alojamiento-instalaciones\" value=\"1\" checked=\"checked\" \/><\/span><span class=\"wpcf7-list-item\"><span class=\"wpcf7-list-item-label\">2<\/span><input type=\"radio\" name=\"alojamiento-instalaciones\" value=\"2\" \/><\/span><span class=\"wpcf7-list-item\"><span class=\"wpcf7-list-item-label\">3<\/span><input type=\"radio\" name=\"alojamiento-instalaciones\" value=\"3\" \/><\/span><span class=\"wpcf7-list-item\"><span class=\"wpcf7-list-item-label\">4<\/span><input type=\"radio\" name=\"alojamiento-instalaciones\" value=\"4\" \/><\/span><span class=\"wpcf7-list-item last\"><span class=\"wpcf7-list-item-label\">5<\/span><input type=\"radio\" name=\"alojamiento-instalaciones\" value=\"5\" \/><\/span><\/span><\/span>\n\t<\/p>\n\t<div class=\"nd_options_section nd_options_height_20\">\n\t<\/div>\n\t<p>Confort<br \/>\n<span class=\"wpcf7-form-control-wrap\" data-name=\"alojamiento-comodidad\"><span class=\"wpcf7-form-control wpcf7-radio\"><span class=\"wpcf7-list-item first\"><span class=\"wpcf7-list-item-label\">1<\/span><input type=\"radio\" name=\"alojamiento-comodidad\" value=\"1\" checked=\"checked\" \/><\/span><span class=\"wpcf7-list-item\"><span class=\"wpcf7-list-item-label\">2<\/span><input type=\"radio\" name=\"alojamiento-comodidad\" value=\"2\" \/><\/span><span class=\"wpcf7-list-item\"><span class=\"wpcf7-list-item-label\">3<\/span><input type=\"radio\" name=\"alojamiento-comodidad\" value=\"3\" \/><\/span><span class=\"wpcf7-list-item\"><span class=\"wpcf7-list-item-label\">4<\/span><input type=\"radio\" name=\"alojamiento-comodidad\" value=\"4\" \/><\/span><span class=\"wpcf7-list-item last\"><span class=\"wpcf7-list-item-label\">5<\/span><input type=\"radio\" name=\"alojamiento-comodidad\" value=\"5\" \/><\/span><\/span><\/span>\n\t<\/p>\n\t<div class=\"nd_options_section nd_options_height_20\">\n\t<\/div>\n\t<p><strong>BAR-RESTAURANT<\/strong>\n\t<\/p>\n\t<p>Comment avons-nous vous attendu?<br \/>\n<span class=\"wpcf7-form-control-wrap\" data-name=\"bar-atencion\"><span class=\"wpcf7-form-control wpcf7-radio\"><span class=\"wpcf7-list-item first\"><span class=\"wpcf7-list-item-label\">1<\/span><input type=\"radio\" name=\"bar-atencion\" value=\"1\" checked=\"checked\" \/><\/span><span class=\"wpcf7-list-item\"><span class=\"wpcf7-list-item-label\">2<\/span><input type=\"radio\" name=\"bar-atencion\" value=\"2\" \/><\/span><span class=\"wpcf7-list-item\"><span class=\"wpcf7-list-item-label\">3<\/span><input type=\"radio\" name=\"bar-atencion\" value=\"3\" \/><\/span><span class=\"wpcf7-list-item\"><span class=\"wpcf7-list-item-label\">4<\/span><input type=\"radio\" name=\"bar-atencion\" value=\"4\" \/><\/span><span class=\"wpcf7-list-item last\"><span class=\"wpcf7-list-item-label\">5<\/span><input type=\"radio\" name=\"bar-atencion\" value=\"5\" \/><\/span><\/span><\/span>\n\t<\/p>\n\t<div class=\"nd_options_section nd_options_height_20\">\n\t<\/div>\n\t<p>Vitesse du service<br \/>\n<span class=\"wpcf7-form-control-wrap\" data-name=\"bar-rapidez\"><span class=\"wpcf7-form-control wpcf7-radio\"><span class=\"wpcf7-list-item first\"><span class=\"wpcf7-list-item-label\">1<\/span><input type=\"radio\" name=\"bar-rapidez\" value=\"1\" checked=\"checked\" \/><\/span><span class=\"wpcf7-list-item\"><span class=\"wpcf7-list-item-label\">2<\/span><input type=\"radio\" name=\"bar-rapidez\" value=\"2\" \/><\/span><span class=\"wpcf7-list-item\"><span class=\"wpcf7-list-item-label\">3<\/span><input type=\"radio\" name=\"bar-rapidez\" value=\"3\" \/><\/span><span class=\"wpcf7-list-item\"><span class=\"wpcf7-list-item-label\">4<\/span><input type=\"radio\" name=\"bar-rapidez\" value=\"4\" \/><\/span><span class=\"wpcf7-list-item last\"><span class=\"wpcf7-list-item-label\">5<\/span><input type=\"radio\" name=\"bar-rapidez\" value=\"5\" \/><\/span><\/span><\/span>\n\t<\/p>\n\t<div class=\"nd_options_section nd_options_height_20\">\n\t<\/div>\n\t<p>Nettoyage<br \/>\n<span class=\"wpcf7-form-control-wrap\" data-name=\"bar-limpieza\"><span class=\"wpcf7-form-control wpcf7-radio\"><span class=\"wpcf7-list-item first\"><span class=\"wpcf7-list-item-label\">1<\/span><input type=\"radio\" name=\"bar-limpieza\" value=\"1\" checked=\"checked\" \/><\/span><span class=\"wpcf7-list-item\"><span class=\"wpcf7-list-item-label\">2<\/span><input type=\"radio\" name=\"bar-limpieza\" value=\"2\" \/><\/span><span class=\"wpcf7-list-item\"><span class=\"wpcf7-list-item-label\">3<\/span><input type=\"radio\" name=\"bar-limpieza\" value=\"3\" \/><\/span><span class=\"wpcf7-list-item\"><span class=\"wpcf7-list-item-label\">4<\/span><input type=\"radio\" name=\"bar-limpieza\" value=\"4\" \/><\/span><span class=\"wpcf7-list-item last\"><span class=\"wpcf7-list-item-label\">5<\/span><input type=\"radio\" name=\"bar-limpieza\" value=\"5\" \/><\/span><\/span><\/span>\n\t<\/p>\n\t<div class=\"nd_options_section nd_options_height_20\">\n\t<\/div>\n\t<p>Image<br \/>\n<span class=\"wpcf7-form-control-wrap\" data-name=\"bar-imagen\"><span class=\"wpcf7-form-control wpcf7-radio\"><span class=\"wpcf7-list-item first\"><span class=\"wpcf7-list-item-label\">1<\/span><input type=\"radio\" name=\"bar-imagen\" value=\"1\" checked=\"checked\" \/><\/span><span class=\"wpcf7-list-item\"><span class=\"wpcf7-list-item-label\">2<\/span><input type=\"radio\" name=\"bar-imagen\" value=\"2\" \/><\/span><span class=\"wpcf7-list-item\"><span class=\"wpcf7-list-item-label\">3<\/span><input type=\"radio\" name=\"bar-imagen\" value=\"3\" \/><\/span><span class=\"wpcf7-list-item\"><span class=\"wpcf7-list-item-label\">4<\/span><input type=\"radio\" name=\"bar-imagen\" value=\"4\" \/><\/span><span class=\"wpcf7-list-item last\"><span class=\"wpcf7-list-item-label\">5<\/span><input type=\"radio\" name=\"bar-imagen\" value=\"5\" \/><\/span><\/span><\/span>\n\t<\/p>\n\t<div class=\"nd_options_section nd_options_height_20\">\n\t<\/div>\n\t<p>Qualit\u00e9 de la nourriture<br \/>\n<span class=\"wpcf7-form-control-wrap\" data-name=\"bar-calidad\"><span class=\"wpcf7-form-control wpcf7-radio\"><span class=\"wpcf7-list-item first\"><span class=\"wpcf7-list-item-label\">1<\/span><input type=\"radio\" name=\"bar-calidad\" value=\"1\" checked=\"checked\" \/><\/span><span class=\"wpcf7-list-item\"><span class=\"wpcf7-list-item-label\">2<\/span><input type=\"radio\" name=\"bar-calidad\" value=\"2\" \/><\/span><span class=\"wpcf7-list-item\"><span class=\"wpcf7-list-item-label\">3<\/span><input type=\"radio\" name=\"bar-calidad\" value=\"3\" \/><\/span><span class=\"wpcf7-list-item\"><span class=\"wpcf7-list-item-label\">4<\/span><input type=\"radio\" name=\"bar-calidad\" value=\"4\" \/><\/span><span class=\"wpcf7-list-item last\"><span class=\"wpcf7-list-item-label\">5<\/span><input type=\"radio\" name=\"bar-calidad\" value=\"5\" \/><\/span><\/span><\/span>\n\t<\/p>\n\t<div class=\"nd_options_section nd_options_height_20\">\n\t<\/div>\n\t<p>Prix<br \/>\n<span class=\"wpcf7-form-control-wrap\" data-name=\"bar-calidad-precio\"><span class=\"wpcf7-form-control wpcf7-radio\"><span class=\"wpcf7-list-item first\"><span class=\"wpcf7-list-item-label\">1<\/span><input type=\"radio\" name=\"bar-calidad-precio\" value=\"1\" checked=\"checked\" \/><\/span><span class=\"wpcf7-list-item\"><span class=\"wpcf7-list-item-label\">2<\/span><input type=\"radio\" name=\"bar-calidad-precio\" value=\"2\" \/><\/span><span class=\"wpcf7-list-item\"><span class=\"wpcf7-list-item-label\">3<\/span><input type=\"radio\" name=\"bar-calidad-precio\" value=\"3\" \/><\/span><span class=\"wpcf7-list-item\"><span class=\"wpcf7-list-item-label\">4<\/span><input type=\"radio\" name=\"bar-calidad-precio\" value=\"4\" \/><\/span><span class=\"wpcf7-list-item last\"><span class=\"wpcf7-list-item-label\">5<\/span><input type=\"radio\" name=\"bar-calidad-precio\" value=\"5\" \/><\/span><\/span><\/span>\n\t<\/p>\n\t<div class=\"nd_options_section nd_options_height_20\">\n\t<\/div>\n<\/div>\n<div class=\"wpb_column vc_column_container vc_col-sm-6\">\n\t<p><strong>SUPERMARCH\u00c9<\/strong>\n\t<\/p>\n\t<p>Comment avons-nous vous attendu?<br \/>\n<span class=\"wpcf7-form-control-wrap\" data-name=\"super-atencion\"><span class=\"wpcf7-form-control wpcf7-radio\"><span class=\"wpcf7-list-item first\"><span class=\"wpcf7-list-item-label\">1<\/span><input type=\"radio\" name=\"super-atencion\" value=\"1\" checked=\"checked\" \/><\/span><span class=\"wpcf7-list-item\"><span class=\"wpcf7-list-item-label\">2<\/span><input type=\"radio\" name=\"super-atencion\" value=\"2\" \/><\/span><span class=\"wpcf7-list-item\"><span class=\"wpcf7-list-item-label\">3<\/span><input type=\"radio\" name=\"super-atencion\" value=\"3\" \/><\/span><span class=\"wpcf7-list-item\"><span class=\"wpcf7-list-item-label\">4<\/span><input type=\"radio\" name=\"super-atencion\" value=\"4\" \/><\/span><span class=\"wpcf7-list-item last\"><span class=\"wpcf7-list-item-label\">5<\/span><input type=\"radio\" name=\"super-atencion\" value=\"5\" \/><\/span><\/span><\/span>\n\t<\/p>\n\t<div class=\"nd_options_section nd_options_height_20\">\n\t<\/div>\n\t<p>Nettoyage<br \/>\n<span class=\"wpcf7-form-control-wrap\" data-name=\"super-limpieza\"><span class=\"wpcf7-form-control wpcf7-radio\"><span class=\"wpcf7-list-item first\"><span class=\"wpcf7-list-item-label\">1<\/span><input type=\"radio\" name=\"super-limpieza\" value=\"1\" checked=\"checked\" \/><\/span><span class=\"wpcf7-list-item\"><span class=\"wpcf7-list-item-label\">2<\/span><input type=\"radio\" name=\"super-limpieza\" value=\"2\" \/><\/span><span class=\"wpcf7-list-item\"><span class=\"wpcf7-list-item-label\">3<\/span><input type=\"radio\" name=\"super-limpieza\" value=\"3\" \/><\/span><span class=\"wpcf7-list-item\"><span class=\"wpcf7-list-item-label\">4<\/span><input type=\"radio\" name=\"super-limpieza\" value=\"4\" \/><\/span><span class=\"wpcf7-list-item last\"><span class=\"wpcf7-list-item-label\">5<\/span><input type=\"radio\" name=\"super-limpieza\" value=\"5\" \/><\/span><\/span><\/span>\n\t<\/p>\n\t<div class=\"nd_options_section nd_options_height_20\">\n\t<\/div>\n\t<p>Image<br \/>\n<span class=\"wpcf7-form-control-wrap\" data-name=\"super-imagen\"><span class=\"wpcf7-form-control wpcf7-radio\"><span class=\"wpcf7-list-item first\"><span class=\"wpcf7-list-item-label\">1<\/span><input type=\"radio\" name=\"super-imagen\" value=\"1\" checked=\"checked\" \/><\/span><span class=\"wpcf7-list-item\"><span class=\"wpcf7-list-item-label\">2<\/span><input type=\"radio\" name=\"super-imagen\" value=\"2\" \/><\/span><span class=\"wpcf7-list-item\"><span class=\"wpcf7-list-item-label\">3<\/span><input type=\"radio\" name=\"super-imagen\" value=\"3\" \/><\/span><span class=\"wpcf7-list-item\"><span class=\"wpcf7-list-item-label\">4<\/span><input type=\"radio\" name=\"super-imagen\" value=\"4\" \/><\/span><span class=\"wpcf7-list-item last\"><span class=\"wpcf7-list-item-label\">5<\/span><input type=\"radio\" name=\"super-imagen\" value=\"5\" \/><\/span><\/span><\/span>\n\t<\/p>\n\t<div class=\"nd_options_section nd_options_height_20\">\n\t<\/div>\n\t<p>Prix<br \/>\n<span class=\"wpcf7-form-control-wrap\" data-name=\"super-precio\"><span class=\"wpcf7-form-control wpcf7-radio\"><span class=\"wpcf7-list-item first\"><span class=\"wpcf7-list-item-label\">1<\/span><input type=\"radio\" name=\"super-precio\" value=\"1\" checked=\"checked\" \/><\/span><span class=\"wpcf7-list-item\"><span class=\"wpcf7-list-item-label\">2<\/span><input type=\"radio\" name=\"super-precio\" value=\"2\" \/><\/span><span class=\"wpcf7-list-item\"><span class=\"wpcf7-list-item-label\">3<\/span><input type=\"radio\" name=\"super-precio\" value=\"3\" \/><\/span><span class=\"wpcf7-list-item\"><span class=\"wpcf7-list-item-label\">4<\/span><input type=\"radio\" name=\"super-precio\" value=\"4\" \/><\/span><span class=\"wpcf7-list-item last\"><span class=\"wpcf7-list-item-label\">5<\/span><input type=\"radio\" name=\"super-precio\" value=\"5\" \/><\/span><\/span><\/span>\n\t<\/p>\n\t<div class=\"nd_options_section nd_options_height_20\">\n\t<\/div>\n\t<p>Variet\u00e9 de produits<br \/>\n<span class=\"wpcf7-form-control-wrap\" data-name=\"super-variedad\"><span class=\"wpcf7-form-control wpcf7-radio\"><span class=\"wpcf7-list-item first\"><span class=\"wpcf7-list-item-label\">1<\/span><input type=\"radio\" name=\"super-variedad\" value=\"1\" checked=\"checked\" \/><\/span><span class=\"wpcf7-list-item\"><span class=\"wpcf7-list-item-label\">2<\/span><input type=\"radio\" name=\"super-variedad\" value=\"2\" \/><\/span><span class=\"wpcf7-list-item\"><span class=\"wpcf7-list-item-label\">3<\/span><input type=\"radio\" name=\"super-variedad\" value=\"3\" \/><\/span><span class=\"wpcf7-list-item\"><span class=\"wpcf7-list-item-label\">4<\/span><input type=\"radio\" name=\"super-variedad\" value=\"4\" \/><\/span><span class=\"wpcf7-list-item last\"><span class=\"wpcf7-list-item-label\">5<\/span><input type=\"radio\" name=\"super-variedad\" value=\"5\" \/><\/span><\/span><\/span>\n\t<\/p>\n\t<div class=\"nd_options_section nd_options_height_20\">\n\t<\/div>\n\t<p><strong>ANIMATION<\/strong>\n\t<\/p>\n\t<p>Animation diurne<br \/>\n<span class=\"wpcf7-form-control-wrap\" data-name=\"animacion-dia\"><span class=\"wpcf7-form-control wpcf7-radio\"><span class=\"wpcf7-list-item first\"><span class=\"wpcf7-list-item-label\">1<\/span><input type=\"radio\" name=\"animacion-dia\" value=\"1\" checked=\"checked\" \/><\/span><span class=\"wpcf7-list-item\"><span class=\"wpcf7-list-item-label\">2<\/span><input type=\"radio\" name=\"animacion-dia\" value=\"2\" \/><\/span><span class=\"wpcf7-list-item\"><span class=\"wpcf7-list-item-label\">3<\/span><input type=\"radio\" name=\"animacion-dia\" value=\"3\" \/><\/span><span class=\"wpcf7-list-item\"><span class=\"wpcf7-list-item-label\">4<\/span><input type=\"radio\" name=\"animacion-dia\" value=\"4\" \/><\/span><span class=\"wpcf7-list-item last\"><span class=\"wpcf7-list-item-label\">5<\/span><input type=\"radio\" name=\"animacion-dia\" value=\"5\" \/><\/span><\/span><\/span>\n\t<\/p>\n\t<div class=\"nd_options_section nd_options_height_20\">\n\t<\/div>\n\t<p>Animation nocturne<br \/>\n<span class=\"wpcf7-form-control-wrap\" data-name=\"animacion-noche\"><span class=\"wpcf7-form-control wpcf7-radio\"><span class=\"wpcf7-list-item first\"><span class=\"wpcf7-list-item-label\">1<\/span><input type=\"radio\" name=\"animacion-noche\" value=\"1\" checked=\"checked\" \/><\/span><span class=\"wpcf7-list-item\"><span class=\"wpcf7-list-item-label\">2<\/span><input type=\"radio\" name=\"animacion-noche\" value=\"2\" \/><\/span><span class=\"wpcf7-list-item\"><span class=\"wpcf7-list-item-label\">3<\/span><input type=\"radio\" name=\"animacion-noche\" value=\"3\" \/><\/span><span class=\"wpcf7-list-item\"><span class=\"wpcf7-list-item-label\">4<\/span><input type=\"radio\" name=\"animacion-noche\" value=\"4\" \/><\/span><span class=\"wpcf7-list-item last\"><span class=\"wpcf7-list-item-label\">5<\/span><input type=\"radio\" name=\"animacion-noche\" value=\"5\" \/><\/span><\/span><\/span>\n\t<\/p>\n\t<div class=\"nd_options_section nd_options_height_20\">\n\t<\/div>\n\t<p>Animation pour les enfants<br \/>\n<span class=\"wpcf7-form-control-wrap\" data-name=\"animacion-infantil\"><span class=\"wpcf7-form-control wpcf7-radio\"><span class=\"wpcf7-list-item first\"><span class=\"wpcf7-list-item-label\">1<\/span><input type=\"radio\" name=\"animacion-infantil\" value=\"1\" checked=\"checked\" \/><\/span><span class=\"wpcf7-list-item\"><span class=\"wpcf7-list-item-label\">2<\/span><input type=\"radio\" name=\"animacion-infantil\" value=\"2\" \/><\/span><span class=\"wpcf7-list-item\"><span class=\"wpcf7-list-item-label\">3<\/span><input type=\"radio\" name=\"animacion-infantil\" value=\"3\" \/><\/span><span class=\"wpcf7-list-item\"><span class=\"wpcf7-list-item-label\">4<\/span><input type=\"radio\" name=\"animacion-infantil\" value=\"4\" \/><\/span><span class=\"wpcf7-list-item last\"><span class=\"wpcf7-list-item-label\">5<\/span><input type=\"radio\" name=\"animacion-infantil\" value=\"5\" \/><\/span><\/span><\/span>\n\t<\/p>\n\t<div class=\"nd_options_section nd_options_height_20\">\n\t<\/div>\n\t<p><strong>EVALUATION DU COMPLEXE TOURISTIQUE<\/strong>\n\t<\/p>\n\t<p>Quelle a \u00e9t\u00e9 votre impression du camping en general ?<br \/>\n<span class=\"wpcf7-form-control-wrap\" data-name=\"complejo-impresion\"><span class=\"wpcf7-form-control wpcf7-radio\"><span class=\"wpcf7-list-item first\"><span class=\"wpcf7-list-item-label\">1<\/span><input type=\"radio\" name=\"complejo-impresion\" value=\"1\" checked=\"checked\" \/><\/span><span class=\"wpcf7-list-item\"><span class=\"wpcf7-list-item-label\">2<\/span><input type=\"radio\" name=\"complejo-impresion\" value=\"2\" \/><\/span><span class=\"wpcf7-list-item\"><span class=\"wpcf7-list-item-label\">3<\/span><input type=\"radio\" name=\"complejo-impresion\" value=\"3\" \/><\/span><span class=\"wpcf7-list-item\"><span class=\"wpcf7-list-item-label\">4<\/span><input type=\"radio\" name=\"complejo-impresion\" value=\"4\" \/><\/span><span class=\"wpcf7-list-item last\"><span class=\"wpcf7-list-item-label\">5<\/span><input type=\"radio\" name=\"complejo-impresion\" value=\"5\" \/><\/span><\/span><\/span>\n\t<\/p>\n\t<div class=\"nd_options_section nd_options_height_20\">\n\t<\/div>\n\t<p><strong> ZONE TOURISTIQUE ( Parc Naturel, Plages )<\/strong><br \/>\n<span class=\"wpcf7-form-control-wrap\" data-name=\"zona-turistica\"><span class=\"wpcf7-form-control wpcf7-radio\"><span class=\"wpcf7-list-item first\"><span class=\"wpcf7-list-item-label\">1<\/span><input type=\"radio\" name=\"zona-turistica\" value=\"1\" checked=\"checked\" \/><\/span><span class=\"wpcf7-list-item\"><span class=\"wpcf7-list-item-label\">2<\/span><input type=\"radio\" name=\"zona-turistica\" value=\"2\" \/><\/span><span class=\"wpcf7-list-item\"><span class=\"wpcf7-list-item-label\">3<\/span><input type=\"radio\" name=\"zona-turistica\" value=\"3\" \/><\/span><span class=\"wpcf7-list-item\"><span class=\"wpcf7-list-item-label\">4<\/span><input type=\"radio\" name=\"zona-turistica\" value=\"4\" \/><\/span><span class=\"wpcf7-list-item last\"><span class=\"wpcf7-list-item-label\">5<\/span><input type=\"radio\" name=\"zona-turistica\" value=\"5\" \/><\/span><\/span><\/span>\n\t<\/p>\n\t<div class=\"nd_options_section nd_options_height_20\">\n\t<\/div>\n\t<p>SVP, laissez-nous savoir qu\u2019est-ce qu\u2019on peut am\u00e9liorer:<br \/>\n<span class=\"wpcf7-form-control-wrap\" data-name=\"observaciones\"><textarea cols=\"40\" rows=\"4\" maxlength=\"2000\" class=\"wpcf7-form-control wpcf7-textarea\" aria-invalid=\"false\" name=\"observaciones\"><\/textarea><\/span>\n\t<\/p>\n\t<div class=\"nd_options_section nd_options_height_20\">\n\t<\/div>\n<\/div>\n<p><input class=\"wpcf7-form-control wpcf7-submit has-spinner\" type=\"submit\" value=\"Envoyer\" \/>\n<\/p><div class=\"wpcf7-response-output\" aria-hidden=\"true\"><\/div>\n<\/form>\n<\/div>\n[\/vc_column][\/vc_row]<\/p>\n<\/div>","protected":false},"excerpt":{"rendered":"<p>[vc_row][vc_column][\/vc_column][\/vc_row]<\/p>\n","protected":false},"author":2,"featured_media":0,"parent":0,"menu_order":0,"comment_status":"closed","ping_status":"closed","template":"","meta":{"_acf_changed":false,"footnotes":""},"class_list":["post-6825","page","type-page","status-publish","hentry"],"acf":[],"publishpress_future_action":{"enabled":false,"date":"2026-04-29 10:38:42","action":"change-status","newStatus":"draft","terms":[],"taxonomy":"translation_priority"},"publishpress_future_workflow_manual_trigger":{"enabledWorkflows":[]},"_links":{"self":[{"href":"https:\/\/www.losesculloscabodegata.com\/fr\/wp-json\/wp\/v2\/pages\/6825","targetHints":{"allow":["GET"]}}],"collection":[{"href":"https:\/\/www.losesculloscabodegata.com\/fr\/wp-json\/wp\/v2\/pages"}],"about":[{"href":"https:\/\/www.losesculloscabodegata.com\/fr\/wp-json\/wp\/v2\/types\/page"}],"author":[{"embeddable":true,"href":"https:\/\/www.losesculloscabodegata.com\/fr\/wp-json\/wp\/v2\/users\/2"}],"replies":[{"embeddable":true,"href":"https:\/\/www.losesculloscabodegata.com\/fr\/wp-json\/wp\/v2\/comments?post=6825"}],"version-history":[{"count":1,"href":"https:\/\/www.losesculloscabodegata.com\/fr\/wp-json\/wp\/v2\/pages\/6825\/revisions"}],"predecessor-version":[{"id":6829,"href":"https:\/\/www.losesculloscabodegata.com\/fr\/wp-json\/wp\/v2\/pages\/6825\/revisions\/6829"}],"wp:attachment":[{"href":"https:\/\/www.losesculloscabodegata.com\/fr\/wp-json\/wp\/v2\/media?parent=6825"}],"curies":[{"name":"wp","href":"https:\/\/api.w.org\/{rel}","templated":true}]}}